
{"id":2,"date":"2024-09-28T13:14:06","date_gmt":"2024-09-28T13:14:06","guid":{"rendered":"http:\/\/automototransportas.lt\/?page_id=2"},"modified":"2025-01-02T13:10:02","modified_gmt":"2025-01-02T13:10:02","slug":"sample-page","status":"publish","type":"page","link":"https:\/\/automototransportas.lt\/index.php\/sample-page\/","title":{"rendered":"Auto moto transportas &#8211; naujienos ir tendencijos"},"content":{"rendered":"\n<p>Auto moto transporto sritis nuolat kei\u010diasi, atsiranda nauj\u0173 technologij\u0173, inovacij\u0173 ir i\u0161\u0161\u016bki\u0173. Transporto priemoni\u0173 gamintojai siekia sukurti dar tvaresnes, efektyvesnes ir patogesnes priemones, kurios atitikt\u0173 \u0161iuolaikinio vartotojo poreikius ir tarptautinius ekologinius standartus. Automobili\u0173 ir motocikl\u0173 pramon\u0117 \u2013 tai ne tik transporto priemon\u0117s, bet ir kasdienyb\u0119 palengvinantys bei praturtinantys sprendimai.<\/p>\n\n\n\n<div id=\"ez-toc-container\" class=\"ez-toc-v2_0_82_2 counter-hierarchy ez-toc-counter ez-toc-grey ez-toc-container-direction\">\n<div class=\"ez-toc-title-container\">\n<p class=\"ez-toc-title\" style=\"cursor:inherit\">Turinys:<\/p>\n<span class=\"ez-toc-title-toggle\"><a href=\"#\" class=\"ez-toc-pull-right ez-toc-btn ez-toc-btn-xs ez-toc-btn-default ez-toc-toggle\" aria-label=\"Toggle Table of Content\"><span class=\"ez-toc-js-icon-con\"><span class=\"\"><span class=\"eztoc-hide\" style=\"display:none;\">Toggle<\/span><span class=\"ez-toc-icon-toggle-span\"><svg style=\"fill: #999;color:#999\" xmlns=\"http:\/\/www.w3.org\/2000\/svg\" class=\"list-377408\" width=\"20px\" height=\"20px\" viewBox=\"0 0 24 24\" fill=\"none\"><path d=\"M6 6H4v2h2V6zm14 0H8v2h12V6zM4 11h2v2H4v-2zm16 0H8v2h12v-2zM4 16h2v2H4v-2zm16 0H8v2h12v-2z\" fill=\"currentColor\"><\/path><\/svg><svg style=\"fill: #999;color:#999\" class=\"arrow-unsorted-368013\" xmlns=\"http:\/\/www.w3.org\/2000\/svg\" width=\"10px\" height=\"10px\" viewBox=\"0 0 24 24\" version=\"1.2\" baseProfile=\"tiny\"><path d=\"M18.2 9.3l-6.2-6.3-6.2 6.3c-.2.2-.3.4-.3.7s.1.5.3.7c.2.2.4.3.7.3h11c.3 0 .5-.1.7-.3.2-.2.3-.5.3-.7s-.1-.5-.3-.7zM5.8 14.7l6.2 6.3 6.2-6.3c.2-.2.3-.5.3-.7s-.1-.5-.3-.7c-.2-.2-.4-.3-.7-.3h-11c-.3 0-.5.1-.7.3-.2.2-.3.5-.3.7s.1.5.3.7z\"\/><\/svg><\/span><\/span><\/span><\/a><\/span><\/div>\n<nav><ul class='ez-toc-list ez-toc-list-level-1 ' ><li class='ez-toc-page-1 ez-toc-heading-level-2'><a class=\"ez-toc-link ez-toc-heading-1\" href=\"https:\/\/automototransportas.lt\/index.php\/sample-page\/#Automobiliu_inovacijos_ir_elektrinio_transporto_pletra\" >Automobili\u0173 inovacijos ir elektrinio transporto pl\u0117tra<\/a><\/li><li class='ez-toc-page-1 ez-toc-heading-level-2'><a class=\"ez-toc-link ez-toc-heading-2\" href=\"https:\/\/automototransportas.lt\/index.php\/sample-page\/#Motociklai_nuo_klasikos_iki_moderniu_sprendimu\" >Motociklai: nuo klasikos iki moderni\u0173 sprendim\u0173<\/a><\/li><li class='ez-toc-page-1 ez-toc-heading-level-2'><a class=\"ez-toc-link ez-toc-heading-3\" href=\"https:\/\/automototransportas.lt\/index.php\/sample-page\/#Autonomines_transporto_priemones_ir_ju_ateitis\" >Autonomin\u0117s transporto priemon\u0117s ir j\u0173 ateitis<\/a><\/li><li class='ez-toc-page-1 ez-toc-heading-level-2'><a class=\"ez-toc-link ez-toc-heading-4\" href=\"https:\/\/automototransportas.lt\/index.php\/sample-page\/#Priedai_ir_pazangus_irenginiai\" >Priedai ir pa\u017eang\u016bs \u012frenginiai<\/a><\/li><li class='ez-toc-page-1 ez-toc-heading-level-2'><a class=\"ez-toc-link ez-toc-heading-5\" href=\"https:\/\/automototransportas.lt\/index.php\/sample-page\/#Ateities_perspektyvos_ir_ekologiniai_issukiai\" >Ateities perspektyvos ir ekologiniai i\u0161\u0161\u016bkiai<\/a><\/li><\/ul><\/nav><\/div>\n<h2 class=\"wp-block-heading\"><span class=\"ez-toc-section\" id=\"Automobiliu_inovacijos_ir_elektrinio_transporto_pletra\"><\/span>Automobili\u0173 inovacijos ir elektrinio transporto pl\u0117tra<span class=\"ez-toc-section-end\"><\/span><\/h2>\n\n\n\n<p>\u0160iuo metu automobili\u0173 pramon\u0117je ypatingas d\u0117mesys skiriamas ekologi\u0161koms technologijoms. Elektra varomi automobiliai, pavyzd\u017eiui, \u201eTesla\u201c, tapo rinkos lyderiais ir skatina kitus gamintojus investuoti \u012f baterij\u0173 ir \u012fkrovimo technologijas. Tokio tipo transportas ne tik ma\u017eina CO\u2082 emisijas, bet ir padeda taupyti i\u0161teklius. Vis daugiau \u0161ali\u0173 remia elektromobilius, teikia subsidijas \u012fkrovimo stoteli\u0173 k\u016brimui ir skatindamos rinktis elektrinius transporto sprendimus.<\/p>\n\n\n\n<h2 class=\"wp-block-heading\"><span class=\"ez-toc-section\" id=\"Motociklai_nuo_klasikos_iki_moderniu_sprendimu\"><\/span>Motociklai: nuo klasikos iki moderni\u0173 sprendim\u0173<span class=\"ez-toc-section-end\"><\/span><\/h2>\n\n\n\n<p>Motocikl\u0173 rinka irgi neatsilieka \u2013 tai sritis, kurioje ypa\u010d svarbi \u012fvairi\u0173 stili\u0173 ir inovatyvi\u0173 dizain\u0173 \u012fvairov\u0117. Dalis gamintoj\u0173 vis dar si\u016blo klasikinio stiliaus modelius, ta\u010diau auga ir elektrini\u0173 motocikl\u0173 paklausa. Ekologi\u0161ki sprendimai \u010dia svarb\u016bs ne tik d\u0117l gamtos tausojimo, bet ir d\u0117l galimyb\u0117s sutaupyti degal\u0173, pasi\u016blyti ma\u017eesnio triuk\u0161mo transport\u0105 bei pagerinti motocikl\u0173 funkcionalum\u0105 miesto aplinkoje.<\/p>\n\n\n\n<h2 class=\"wp-block-heading\"><span class=\"ez-toc-section\" id=\"Autonomines_transporto_priemones_ir_ju_ateitis\"><\/span>Autonomin\u0117s transporto priemon\u0117s ir j\u0173 ateitis<span class=\"ez-toc-section-end\"><\/span><\/h2>\n\n\n\n<p>Viena \u012fdomiausi\u0173 auto moto transporto tendencij\u0173 \u2013 autonomin\u0117s transporto priemon\u0117s. \u0160iuo metu \u0161ie sprendimai vis dar tobulinami, ta\u010diau jau i\u0161bandomi \u012fvairiose pasaulio vietose. Nors autonominiai automobiliai vis dar kelia saugumo i\u0161\u0161\u016bki\u0173, jie laikomi potencialia ateities susisiekimo forma, galin\u010dia suma\u017einti avaringum\u0105 ir optimizuoti kelioni\u0173 laik\u0105.<\/p>\n\n\n\n<h2 class=\"wp-block-heading\"><span class=\"ez-toc-section\" id=\"Priedai_ir_pazangus_irenginiai\"><\/span>Priedai ir pa\u017eang\u016bs \u012frenginiai<span class=\"ez-toc-section-end\"><\/span><\/h2>\n\n\n\n<p>Auto moto transportas neb\u0117ra vien transporto priemon\u0117s \u2013 \u0161iandien svarbiu komponentu tampa ir \u012fvair\u016bs priedai bei \u012frenginiai, gerinantys vairavimo patirt\u012f ir suteikiantys papildom\u0173 galimybi\u0173. \u012evairios technologijos, tokios kaip GPS navigacija, saugumo kameros, \u0161ildomos s\u0117dyn\u0117s ir i\u0161manieji ekranai, leid\u017eia pritaikyti transporto priemon\u0119 pagal individualius poreikius.<\/p>\n\n\n\n<h2 class=\"wp-block-heading\"><span class=\"ez-toc-section\" id=\"Ateities_perspektyvos_ir_ekologiniai_issukiai\"><\/span>Ateities perspektyvos ir ekologiniai i\u0161\u0161\u016bkiai<span class=\"ez-toc-section-end\"><\/span><\/h2>\n\n\n\n<p>Auto moto pramon\u0117, orientuota \u012f ekologi\u0161kum\u0105 ir tvarum\u0105, siekia sukurti ateities transporto sprendimus, kurie leist\u0173 suma\u017einti tar\u0161\u0105 ir efektyviau naudoti i\u0161teklius. \u0160i sritis neabejotinai patirs nema\u017eai poky\u010di\u0173, nes vis daugiau \u0161ali\u0173 taiko grie\u017etus ekologinius standartus, skatina rinktis ma\u017eiau tar\u0161ias transporto priemones ir remia inovatyvias id\u0117jas.<\/p>\n\n\n\n<p><\/p>\n","protected":false},"excerpt":{"rendered":"<p>Auto moto transporto sritis nuolat kei\u010diasi, atsiranda nauj\u0173 technologij\u0173, inovacij\u0173 ir i\u0161\u0161\u016bki\u0173. Transporto priemoni\u0173 gamintojai siekia sukurti dar tvaresnes, efektyvesnes ir patogesnes priemones, kurios atitikt\u0173 \u0161iuolaikinio vartotojo poreikius ir tarptautinius [&hellip;]<\/p>\n","protected":false},"author":1,"featured_media":0,"parent":0,"menu_order":0,"comment_status":"closed","ping_status":"open","template":"","meta":{"om_disable_all_campaigns":false,"_monsterinsights_skip_tracking":false,"_monsterinsights_sitenote_active":false,"_monsterinsights_sitenote_note":"","_monsterinsights_sitenote_category":0,"footnotes":""},"class_list":["post-2","page","type-page","status-publish","hentry"],"aioseo_notices":[],"_links":{"self":[{"href":"https:\/\/automototransportas.lt\/index.php\/wp-json\/wp\/v2\/pages\/2","targetHints":{"allow":["GET"]}}],"collection":[{"href":"https:\/\/automototransportas.lt\/index.php\/wp-json\/wp\/v2\/pages"}],"about":[{"href":"https:\/\/automototransportas.lt\/index.php\/wp-json\/wp\/v2\/types\/page"}],"author":[{"embeddable":true,"href":"https:\/\/automototransportas.lt\/index.php\/wp-json\/wp\/v2\/users\/1"}],"replies":[{"embeddable":true,"href":"https:\/\/automototransportas.lt\/index.php\/wp-json\/wp\/v2\/comments?post=2"}],"version-history":[{"count":1,"href":"https:\/\/automototransportas.lt\/index.php\/wp-json\/wp\/v2\/pages\/2\/revisions"}],"predecessor-version":[{"id":633,"href":"https:\/\/automototransportas.lt\/index.php\/wp-json\/wp\/v2\/pages\/2\/revisions\/633"}],"wp:attachment":[{"href":"https:\/\/automototransportas.lt\/index.php\/wp-json\/wp\/v2\/media?parent=2"}],"curies":[{"name":"wp","href":"https:\/\/api.w.org\/{rel}","templated":true}]}}